{"id":166,"date":"2025-04-10T11:44:56","date_gmt":"2025-04-10T08:44:56","guid":{"rendered":"https:\/\/ayguldemir.com\/?page_id=166"},"modified":"2025-04-16T08:22:30","modified_gmt":"2025-04-16T05:22:30","slug":"sikca-sorulan-sorular-sss","status":"publish","type":"page","link":"https:\/\/ayguldemir.com\/?page_id=166","title":{"rendered":"S\u0131k\u00e7a Sorulan Sorular (SSS)"},"content":{"rendered":"\n<h3>Haz\u0131r demir ile normal demir aras\u0131nda fark nedir?<\/h3>\n<p>Haz\u0131r demir, projeye uygun \u00f6l\u00e7\u00fclerde kesilmi\u015f ve\/veya b\u00fck\u00fclm\u00fc\u015f demirdir. \u015eantiyede zaman kazand\u0131r\u0131r ve firesiz \u00e7al\u0131\u015fmay\u0131 sa\u011flar.<\/p>\n\n<h3>Pendik\u2019te in\u015faat demiri nereden al\u0131n\u0131r?<\/h3>\n<p>Pendik Kaynarca\u2019daki firmam\u0131z Ayg\u00fcl Haz\u0131r Demir, kaliteli ve firesiz in\u015faat demiri temini sa\u011flar. Detayl\u0131 bilgi i\u00e7in <a href=\"tel:+902163975010\">0 (216) 397 50 10<\/a> numaral\u0131 telefondan ileti\u015fime ge\u00e7ebilirsiniz.<\/p>\n\n<h3>\u0130stanbul haz\u0131r demir fiyatlar\u0131n\u0131 nas\u0131l \u00f6\u011frenebilirim?<\/h3>\n<p>G\u00fcncel fiyatlar i\u00e7in bizimle <a href=\"tel:+902163975010\">0 (216) 397 50 10<\/a> numaral\u0131 hatt\u0131m\u0131zdan ileti\u015fime ge\u00e7ebilir, ihtiya\u00e7lar\u0131n\u0131za g\u00f6re teklif isteyebilirsiniz.<\/p>\n\n<h3>Ayg\u00fcl Haz\u0131r Demir\u2019in a\u00e7\u0131k adresi nerede?<\/h3>\n<p>F.\u00c7akmak Mahallesi, Cemal G\u00fcrsel Caddesi, G\u00fcrgen Sokak No:10, Kaynarca Pendik \/ \u0130stanbul<\/p>\n\n<h3>En kaliteli in\u015faat demiri nas\u0131l anla\u015f\u0131l\u0131r?<\/h3>\n<p>Kaliteli demir, TS standartlar\u0131na uygun ve sertifikal\u0131d\u0131r. Firmam\u0131z yaln\u0131zca g\u00fcvenilir \u00fcreticilerden tedarik sa\u011flar.<\/p>\n\n<h3>Ayg\u00fcl Haz\u0131r Demir yorumlar\u0131 ve m\u00fc\u015fteri memnuniyeti nas\u0131ld\u0131r?<\/h3>\n<p>40 y\u0131l\u0131 a\u015fk\u0131n s\u00fcredir hizmet veren firmam\u0131z\u0131n g\u00fcvenilirli\u011fi ve kalite standartlar\u0131 y\u0131llard\u0131r s\u00fcregelen istikrar\u0131 \u00fczerinden yorumlanabilir. Sorular\u0131n\u0131z\u0131 cevaplamak ad\u0131na <a href=\"tel:+902163975010\">0 (216) 397 50 10<\/a> numaral\u0131 hatt\u0131m\u0131zdan bizlerle ileti\u015fim kurabilirsiniz.<\/p>\n\n<h3>\u0130n\u015faat Demiri (Demir-\u00c7elik) \u00fcr\u00fcnlerinde fiyatland\u0131rma nas\u0131l belirlenir?<\/h3>\n<p>Projelerinize uygun firesiz demir kesim ve b\u00fck\u00fcm yap\u0131lmaktad\u0131r. Fiyat bilgisi i\u00e7in l\u00fctfen <a href=\"tel:+902163975010\">0 (216) 397 50 10<\/a> numaral\u0131 telefondan bizimle ileti\u015fime ge\u00e7iniz.<\/p>\n\n<h3>\u0130n\u015faat demiri Pendik b\u00f6lgesinde nereden al\u0131n\u0131r?<\/h3>\n<p><a href=\"tel:+902163975010\">0 (216) 397 50 10<\/a> numaral\u0131 telefondan firmam\u0131zla ileti\u015fime ge\u00e7ebilirsiniz.<\/p>\n\n<h3>\u0130n\u015faat demiri \u00dcmraniye \u00c7akmak b\u00f6lgesinde nereden al\u0131n\u0131r?<\/h3>\n<p>\u00dcmraniye b\u00f6lgesinde in\u015faat demiri tedari\u011fi i\u00e7in Pendik-Kaynarca&#8217;da bulunan firmam\u0131zla <a href=\"tel:+902163975010\">0 (216) 397 50 10<\/a> \u00fczerinden ileti\u015fime ge\u00e7ebilirsiniz.<\/p>\n\n<h3>\u0130stanbul Kartal in\u015faat demiri nereden al\u0131n\u0131r?<\/h3>\n<p>Ayg\u00fcl Haz\u0131r Demir Ltd. \u015eti. projelerinize uygun firesiz in\u015faat demiri kesim b\u00fck\u00fcm i\u015flemlerini ger\u00e7ekle\u015ftirmektedir. Detayl\u0131 bilgi i\u00e7in <a href=\"tel:+902163975010\">0 (216) 397 50 10<\/a> numaras\u0131n\u0131 arayabilirsiniz.<\/p>\n\n<h3>\u0130stanbul Tuzla in\u015faat demiri nereden al\u0131n\u0131r?<\/h3>\n<p>Ayg\u00fcl Haz\u0131r Demir Ltd. \u015eti. projelerinize uygun firesiz in\u015faat demiri kesim b\u00fck\u00fcm i\u015flemlerini ger\u00e7ekle\u015ftirmektedir. <a href=\"tel:+902163975010\">0 (216) 397 50 10<\/a> numaral\u0131 telefon \u00fczerinden bize ula\u015fabilirsiniz.<\/p>\n\n<h3>\u0130stanbul Sancaktepe in\u015faat demiri nereden al\u0131n\u0131r?<\/h3>\n<p>Ayg\u00fcl Haz\u0131r Demir Ltd. \u015eti. projelerinize uygun firesiz in\u015faat demiri kesim b\u00fck\u00fcm i\u015flemlerini ger\u00e7ekle\u015ftirmektedir. Bilgi almak i\u00e7in <a href=\"tel:+902163975010\">0 (216) 397 50 10<\/a>&#8216;u arayabilirsiniz.<\/p>\n\n<h3>\u0130stanbul \u00dcmraniye in\u015faat demiri nereden al\u0131n\u0131r?<\/h3>\n<p>Ayg\u00fcl Haz\u0131r Demir Ltd. \u015eti. projelerinize uygun firesiz in\u015faat demiri kesim b\u00fck\u00fcm i\u015flemlerini ger\u00e7ekle\u015ftirmektedir. <a href=\"tel:+902163975010\">0 (216) 397 50 10<\/a> hatt\u0131ndan bizimle ileti\u015fime ge\u00e7ebilirsiniz.<\/p>\n\n<h3>\u0130stanbul Kad\u0131k\u00f6y in\u015faat demiri nereden al\u0131n\u0131r?<\/h3>\n<p>Ayg\u00fcl Haz\u0131r Demir Ltd. \u015eti. projelerinize uygun firesiz in\u015faat demiri kesim b\u00fck\u00fcm i\u015flemlerini ger\u00e7ekle\u015ftirmektedir. <a href=\"tel:+902163975010\">0 (216) 397 50 10<\/a> hatt\u0131ndan bizimle ileti\u015fime ge\u00e7ebilirsiniz.<\/p>\n\n<h3>\u0130stanbul Anadolu Yakas\u0131 in\u015faat demiri nereden al\u0131n\u0131r?<\/h3>\n<p>Ayg\u00fcl Haz\u0131r Demir Ltd. \u015eti. projelerinize uygun firesiz in\u015faat demiri kesim b\u00fck\u00fcm i\u015flemlerini ger\u00e7ekle\u015ftirmektedir. <a href=\"tel:+902163975010\">0 (216) 397 50 10<\/a> numaras\u0131ndan arayarak detayl\u0131 bilgi alabilirsiniz.<\/p>\n\n<h3>\u0130stanbul Anadolu Yakas\u0131 \u00e7elik has\u0131r nereden al\u0131n\u0131r?<\/h3>\n<p>Ayg\u00fcl Haz\u0131r Demir Ltd. \u015eti. projelerinize uygun firesiz in\u015faat demiri kesim b\u00fck\u00fcm i\u015flemlerini ger\u00e7ekle\u015ftirmektedir. \u00c7elik has\u0131r fiyatlar\u0131n\u0131 \u00f6\u011frenmek ve detayl\u0131 bilgi almak i\u00e7in <a href=\"tel:+902163975010\">0 (216) 397 50 10<\/a> numaras\u0131n\u0131 arayabilirsiniz.<\/p>\n\n<h3>\u0130stanbul Pendik \u00e7elik has\u0131r nereden al\u0131n\u0131r?<\/h3>\n<p>Ayg\u00fcl Haz\u0131r Demir Ltd. \u015eti. projelerinize uygun firesiz in\u015faat demiri kesim b\u00fck\u00fcm i\u015flemlerini ger\u00e7ekle\u015ftirmektedir. \u00c7elik has\u0131r fiyatlar\u0131n\u0131 \u00f6\u011frenmek ve detayl\u0131 bilgi almak i\u00e7in <a href=\"tel:+902163975010\">0 (216) 397 50 10<\/a> numaras\u0131n\u0131 arayabilirsiniz.<\/p>\n\n<h3>\u0130stanbul Kad\u0131k\u00f6y \u00e7elik has\u0131r nereden al\u0131n\u0131r?<\/h3>\n<p>Ayg\u00fcl Haz\u0131r Demir Ltd. \u015eti. projelerinize uygun firesiz in\u015faat demiri kesim b\u00fck\u00fcm i\u015flemlerini ger\u00e7ekle\u015ftirmektedir. \u00c7elik has\u0131r fiyatlar\u0131n\u0131 \u00f6\u011frenmek ve detayl\u0131 bilgi almak i\u00e7in <a href=\"tel:+902163975010\">0 (216) 397 50 10<\/a> numaras\u0131n\u0131 arayabilirsiniz.<\/p>\n\n<h3>\u0130stanbul \u00dcmraniye \u00e7elik has\u0131r nereden al\u0131n\u0131r?<\/h3>\n<p>Ayg\u00fcl Haz\u0131r Demir Ltd. \u015eti. projelerinize uygun firesiz in\u015faat demiri kesim b\u00fck\u00fcm i\u015flemlerini ger\u00e7ekle\u015ftirmektedir. \u00c7elik has\u0131r fiyatlar\u0131n\u0131 \u00f6\u011frenmek ve detayl\u0131 bilgi almak i\u00e7in <a href=\"tel:+902163975010\">0 (216) 397 50 10<\/a> numaras\u0131n\u0131 arayabilirsiniz.<\/p>\n\n<h3>\u0130stanbul Kartal \u00e7elik has\u0131r nereden al\u0131n\u0131r?<\/h3>\n<p>Ayg\u00fcl Haz\u0131r Demir Ltd. \u015eti. projelerinize uygun firesiz in\u015faat demiri kesim b\u00fck\u00fcm i\u015flemlerini ger\u00e7ekle\u015ftirmektedir. \u00c7elik has\u0131r fiyatlar\u0131n\u0131 \u00f6\u011frenmek ve detayl\u0131 bilgi almak i\u00e7in <a href=\"tel:+902163975010\">0 (216) 397 50 10<\/a> numaras\u0131n\u0131 arayabilirsiniz.<\/p>\n\n<h3>\u0130stanbul \u00dcsk\u00fcdar \u00e7elik has\u0131r nereden al\u0131n\u0131r?<\/h3>\n<p>Ayg\u00fcl Haz\u0131r Demir Ltd. \u015eti. projelerinize uygun firesiz in\u015faat demiri kesim b\u00fck\u00fcm i\u015flemlerini ger\u00e7ekle\u015ftirmektedir. \u00c7elik has\u0131r fiyatlar\u0131n\u0131 \u00f6\u011frenmek ve detayl\u0131 bilgi almak i\u00e7in <a href=\"tel:+902163975010\">0 (216) 397 50 10<\/a> numaras\u0131n\u0131 arayabilirsiniz.<\/p>\n","protected":false},"excerpt":{"rendered":"<p>Haz\u0131r demir ile normal demir aras\u0131nda fark nedir? Haz\u0131r demir, projeye uygun \u00f6l\u00e7\u00fclerde kesilmi\u015f ve\/veya b\u00fck\u00fclm\u00fc\u015f demirdir. \u015eantiyede zaman kazand\u0131r\u0131r ve firesiz \u00e7al\u0131\u015fmay\u0131 sa\u011flar. Pendik\u2019te in\u015faat demiri nereden al\u0131n\u0131r? Pendik Kaynarca\u2019daki firmam\u0131z Ayg\u00fcl Haz\u0131r Demir, kaliteli ve firesiz in\u015faat demiri temini sa\u011flar. Detayl\u0131 bilgi i\u00e7in 0 (216) 397 50 10 numaral\u0131 telefondan ileti\u015fime ge\u00e7ebilirsiniz. \u0130stanbul [&hellip;]<\/p>\n","protected":false},"author":1,"featured_media":0,"parent":0,"menu_order":0,"comment_status":"closed","ping_status":"closed","template":"","meta":{"footnotes":""},"class_list":["post-166","page","type-page","status-publish","hentry"],"yoast_head":"<!-- This site is optimized with the Yoast SEO plugin v25.0 - https:\/\/yoast.com\/wordpress\/plugins\/seo\/ -->\n<title>S\u0131k\u00e7a Sorulan Sorular (SSS) - Ayg\u00fcl Haz\u0131r Demir \u0130stanbul Pendik Kaynarca \u0130n\u015faat Demiri<\/title>\n<meta name=\"description\" content=\"\u0130stanbul Anadolu Yakas\u0131 \u0130n\u015faat Demiri, Nerv\u00fcrl\u00fc Demir, \u00c7esan \/ \u00c7elik Has\u0131r, Pendik \u0130n\u015faat Demiri, Boy Demir, Kolon Demiri, Etriye\" \/>\n<meta name=\"robots\" content=\"index, follow, max-snippet:-1, max-image-preview:large, max-video-preview:-1\" \/>\n<link rel=\"canonical\" href=\"https:\/\/ayguldemir.com\/?page_id=166\" \/>\n<meta property=\"og:locale\" content=\"en_GB\" \/>\n<meta property=\"og:type\" content=\"article\" \/>\n<meta property=\"og:title\" content=\"S\u0131k\u00e7a Sorulan Sorular (SSS) - Ayg\u00fcl Haz\u0131r Demir \u0130stanbul Pendik Kaynarca \u0130n\u015faat Demiri\" \/>\n<meta property=\"og:description\" content=\"\u0130stanbul Anadolu Yakas\u0131 \u0130n\u015faat Demiri, Nerv\u00fcrl\u00fc Demir, \u00c7esan \/ \u00c7elik Has\u0131r, Pendik \u0130n\u015faat Demiri, Boy Demir, Kolon Demiri, Etriye\" \/>\n<meta property=\"og:url\" content=\"https:\/\/ayguldemir.com\/?page_id=166\" \/>\n<meta property=\"og:site_name\" content=\"Ayg\u00fcl Haz\u0131r Demir\" \/>\n<meta property=\"article:modified_time\" content=\"2025-04-16T05:22:30+00:00\" \/>\n<meta property=\"og:image\" content=\"https:\/\/ayguldemir.com\/wp-content\/uploads\/2025\/04\/Screenshot-2025-04-09-at-11.17.28-1024x572.png\" \/>\n\t<meta property=\"og:image:width\" content=\"1024\" \/>\n\t<meta property=\"og:image:height\" content=\"572\" \/>\n\t<meta property=\"og:image:type\" content=\"image\/png\" \/>\n<meta name=\"twitter:card\" content=\"summary_large_image\" \/>\n<meta name=\"twitter:label1\" content=\"Estimated reading time\" \/>\n\t<meta name=\"twitter:data1\" content=\"3 minutes\" \/>\n<script type=\"application\/ld+json\" class=\"yoast-schema-graph\">{\"@context\":\"https:\/\/schema.org\",\"@graph\":[{\"@type\":\"WebPage\",\"@id\":\"https:\/\/ayguldemir.com\/?page_id=166\",\"url\":\"https:\/\/ayguldemir.com\/?page_id=166\",\"name\":\"S\u0131k\u00e7a Sorulan Sorular (SSS) - Ayg\u00fcl Haz\u0131r Demir \u0130stanbul Pendik Kaynarca \u0130n\u015faat Demiri\",\"isPartOf\":{\"@id\":\"https:\/\/ayguldemir.com\/#website\"},\"datePublished\":\"2025-04-10T08:44:56+00:00\",\"dateModified\":\"2025-04-16T05:22:30+00:00\",\"description\":\"\u0130stanbul Anadolu Yakas\u0131 \u0130n\u015faat Demiri, Nerv\u00fcrl\u00fc Demir, \u00c7esan \/ \u00c7elik Has\u0131r, Pendik \u0130n\u015faat Demiri, Boy Demir, Kolon Demiri, Etriye\",\"breadcrumb\":{\"@id\":\"https:\/\/ayguldemir.com\/?page_id=166#breadcrumb\"},\"inLanguage\":\"en-GB\",\"potentialAction\":[{\"@type\":\"ReadAction\",\"target\":[\"https:\/\/ayguldemir.com\/?page_id=166\"]}]},{\"@type\":\"BreadcrumbList\",\"@id\":\"https:\/\/ayguldemir.com\/?page_id=166#breadcrumb\",\"itemListElement\":[{\"@type\":\"ListItem\",\"position\":1,\"name\":\"Home\",\"item\":\"https:\/\/ayguldemir.com\/\"},{\"@type\":\"ListItem\",\"position\":2,\"name\":\"S\u0131k\u00e7a Sorulan Sorular (SSS)\"}]},{\"@type\":\"WebSite\",\"@id\":\"https:\/\/ayguldemir.com\/#website\",\"url\":\"https:\/\/ayguldemir.com\/\",\"name\":\"Ayg\u00fcl Haz\u0131r Demir\",\"description\":\"Haz\u0131r Demirde 45. Y\u0131l\",\"publisher\":{\"@id\":\"https:\/\/ayguldemir.com\/#organization\"},\"potentialAction\":[{\"@type\":\"SearchAction\",\"target\":{\"@type\":\"EntryPoint\",\"urlTemplate\":\"https:\/\/ayguldemir.com\/?s={search_term_string}\"},\"query-input\":{\"@type\":\"PropertyValueSpecification\",\"valueRequired\":true,\"valueName\":\"search_term_string\"}}],\"inLanguage\":\"en-GB\"},{\"@type\":\"Organization\",\"@id\":\"https:\/\/ayguldemir.com\/#organization\",\"name\":\"Ayg\u00fcl Haz\u0131r Demir\",\"url\":\"https:\/\/ayguldemir.com\/\",\"logo\":{\"@type\":\"ImageObject\",\"inLanguage\":\"en-GB\",\"@id\":\"https:\/\/ayguldemir.com\/#\/schema\/logo\/image\/\",\"url\":\"https:\/\/ayguldemir.com\/wp-content\/uploads\/2025\/04\/cropped-Screenshot-2025-04-09-at-11.17.28.png\",\"contentUrl\":\"https:\/\/ayguldemir.com\/wp-content\/uploads\/2025\/04\/cropped-Screenshot-2025-04-09-at-11.17.28.png\",\"width\":2631,\"height\":1470,\"caption\":\"Ayg\u00fcl Haz\u0131r Demir\"},\"image\":{\"@id\":\"https:\/\/ayguldemir.com\/#\/schema\/logo\/image\/\"}}]}<\/script>\n<!-- \/ Yoast SEO plugin. -->","yoast_head_json":{"title":"S\u0131k\u00e7a Sorulan Sorular (SSS) - Ayg\u00fcl Haz\u0131r Demir \u0130stanbul Pendik Kaynarca \u0130n\u015faat Demiri","description":"\u0130stanbul Anadolu Yakas\u0131 \u0130n\u015faat Demiri, Nerv\u00fcrl\u00fc Demir, \u00c7esan \/ \u00c7elik Has\u0131r, Pendik \u0130n\u015faat Demiri, Boy Demir, Kolon Demiri, Etriye","robots":{"index":"index","follow":"follow","max-snippet":"max-snippet:-1","max-image-preview":"max-image-preview:large","max-video-preview":"max-video-preview:-1"},"canonical":"https:\/\/ayguldemir.com\/?page_id=166","og_locale":"en_GB","og_type":"article","og_title":"S\u0131k\u00e7a Sorulan Sorular (SSS) - Ayg\u00fcl Haz\u0131r Demir \u0130stanbul Pendik Kaynarca \u0130n\u015faat Demiri","og_description":"\u0130stanbul Anadolu Yakas\u0131 \u0130n\u015faat Demiri, Nerv\u00fcrl\u00fc Demir, \u00c7esan \/ \u00c7elik Has\u0131r, Pendik \u0130n\u015faat Demiri, Boy Demir, Kolon Demiri, Etriye","og_url":"https:\/\/ayguldemir.com\/?page_id=166","og_site_name":"Ayg\u00fcl Haz\u0131r Demir","article_modified_time":"2025-04-16T05:22:30+00:00","og_image":[{"width":1024,"height":572,"url":"https:\/\/ayguldemir.com\/wp-content\/uploads\/2025\/04\/Screenshot-2025-04-09-at-11.17.28-1024x572.png","type":"image\/png"}],"twitter_card":"summary_large_image","twitter_misc":{"Estimated reading time":"3 minutes"},"schema":{"@context":"https:\/\/schema.org","@graph":[{"@type":"WebPage","@id":"https:\/\/ayguldemir.com\/?page_id=166","url":"https:\/\/ayguldemir.com\/?page_id=166","name":"S\u0131k\u00e7a Sorulan Sorular (SSS) - Ayg\u00fcl Haz\u0131r Demir \u0130stanbul Pendik Kaynarca \u0130n\u015faat Demiri","isPartOf":{"@id":"https:\/\/ayguldemir.com\/#website"},"datePublished":"2025-04-10T08:44:56+00:00","dateModified":"2025-04-16T05:22:30+00:00","description":"\u0130stanbul Anadolu Yakas\u0131 \u0130n\u015faat Demiri, Nerv\u00fcrl\u00fc Demir, \u00c7esan \/ \u00c7elik Has\u0131r, Pendik \u0130n\u015faat Demiri, Boy Demir, Kolon Demiri, Etriye","breadcrumb":{"@id":"https:\/\/ayguldemir.com\/?page_id=166#breadcrumb"},"inLanguage":"en-GB","potentialAction":[{"@type":"ReadAction","target":["https:\/\/ayguldemir.com\/?page_id=166"]}]},{"@type":"BreadcrumbList","@id":"https:\/\/ayguldemir.com\/?page_id=166#breadcrumb","itemListElement":[{"@type":"ListItem","position":1,"name":"Home","item":"https:\/\/ayguldemir.com\/"},{"@type":"ListItem","position":2,"name":"S\u0131k\u00e7a Sorulan Sorular (SSS)"}]},{"@type":"WebSite","@id":"https:\/\/ayguldemir.com\/#website","url":"https:\/\/ayguldemir.com\/","name":"Ayg\u00fcl Haz\u0131r Demir","description":"Haz\u0131r Demirde 45. Y\u0131l","publisher":{"@id":"https:\/\/ayguldemir.com\/#organization"},"potentialAction":[{"@type":"SearchAction","target":{"@type":"EntryPoint","urlTemplate":"https:\/\/ayguldemir.com\/?s={search_term_string}"},"query-input":{"@type":"PropertyValueSpecification","valueRequired":true,"valueName":"search_term_string"}}],"inLanguage":"en-GB"},{"@type":"Organization","@id":"https:\/\/ayguldemir.com\/#organization","name":"Ayg\u00fcl Haz\u0131r Demir","url":"https:\/\/ayguldemir.com\/","logo":{"@type":"ImageObject","inLanguage":"en-GB","@id":"https:\/\/ayguldemir.com\/#\/schema\/logo\/image\/","url":"https:\/\/ayguldemir.com\/wp-content\/uploads\/2025\/04\/cropped-Screenshot-2025-04-09-at-11.17.28.png","contentUrl":"https:\/\/ayguldemir.com\/wp-content\/uploads\/2025\/04\/cropped-Screenshot-2025-04-09-at-11.17.28.png","width":2631,"height":1470,"caption":"Ayg\u00fcl Haz\u0131r Demir"},"image":{"@id":"https:\/\/ayguldemir.com\/#\/schema\/logo\/image\/"}}]}},"_links":{"self":[{"href":"https:\/\/ayguldemir.com\/index.php?rest_route=\/wp\/v2\/pages\/166","targetHints":{"allow":["GET"]}}],"collection":[{"href":"https:\/\/ayguldemir.com\/index.php?rest_route=\/wp\/v2\/pages"}],"about":[{"href":"https:\/\/ayguldemir.com\/index.php?rest_route=\/wp\/v2\/types\/page"}],"author":[{"embeddable":true,"href":"https:\/\/ayguldemir.com\/index.php?rest_route=\/wp\/v2\/users\/1"}],"replies":[{"embeddable":true,"href":"https:\/\/ayguldemir.com\/index.php?rest_route=%2Fwp%2Fv2%2Fcomments&post=166"}],"version-history":[{"count":5,"href":"https:\/\/ayguldemir.com\/index.php?rest_route=\/wp\/v2\/pages\/166\/revisions"}],"predecessor-version":[{"id":206,"href":"https:\/\/ayguldemir.com\/index.php?rest_route=\/wp\/v2\/pages\/166\/revisions\/206"}],"wp:attachment":[{"href":"https:\/\/ayguldemir.com\/index.php?rest_route=%2Fwp%2Fv2%2Fmedia&parent=166"}],"curies":[{"name":"wp","href":"https:\/\/api.w.org\/{rel}","templated":true}]}}