{"id":2,"date":"2016-05-10T03:48:21","date_gmt":"2016-05-10T03:48:21","guid":{"rendered":"http:\/\/ayguldemir.com\/?page_id=2"},"modified":"2025-04-09T14:52:43","modified_gmt":"2025-04-09T11:52:43","slug":"sample-page","status":"publish","type":"page","link":"https:\/\/ayguldemir.com\/?page_id=2","title":{"rendered":"Kalite Belgeleri"},"content":{"rendered":"\n<figure class=\"wp-block-image size-large\"><img loading=\"lazy\" decoding=\"async\" width=\"701\" height=\"1024\" src=\"https:\/\/ayguldemir.com\/wp-content\/uploads\/2023\/12\/Colakoglu-InspectionCertificate-1-701x1024.jpg\" alt=\"\" class=\"wp-image-57\" srcset=\"https:\/\/ayguldemir.com\/wp-content\/uploads\/2023\/12\/Colakoglu-InspectionCertificate-1-701x1024.jpg 701w, https:\/\/ayguldemir.com\/wp-content\/uploads\/2023\/12\/Colakoglu-InspectionCertificate-1-205x300.jpg 205w, https:\/\/ayguldemir.com\/wp-content\/uploads\/2023\/12\/Colakoglu-InspectionCertificate-1-768x1122.jpg 768w, https:\/\/ayguldemir.com\/wp-content\/uploads\/2023\/12\/Colakoglu-InspectionCertificate-1-1052x1536.jpg 1052w, https:\/\/ayguldemir.com\/wp-content\/uploads\/2023\/12\/Colakoglu-InspectionCertificate-1-1402x2048.jpg 1402w, https:\/\/ayguldemir.com\/wp-content\/uploads\/2023\/12\/Colakoglu-InspectionCertificate-1-scaled.jpg 1753w\" sizes=\"auto, (max-width: 701px) 100vw, 701px\" \/><\/figure>\n\n\n\n<figure class=\"wp-block-image size-large\"><img loading=\"lazy\" decoding=\"async\" width=\"724\" height=\"1024\" src=\"https:\/\/ayguldemir.com\/wp-content\/uploads\/2023\/12\/c\u0327olaog\u0306lu-iso-9001-3-724x1024.jpg\" alt=\"\" class=\"wp-image-60\" srcset=\"https:\/\/ayguldemir.com\/wp-content\/uploads\/2023\/12\/c\u0327olaog\u0306lu-iso-9001-3-724x1024.jpg 724w, https:\/\/ayguldemir.com\/wp-content\/uploads\/2023\/12\/c\u0327olaog\u0306lu-iso-9001-3-212x300.jpg 212w, https:\/\/ayguldemir.com\/wp-content\/uploads\/2023\/12\/c\u0327olaog\u0306lu-iso-9001-3-768x1086.jpg 768w, https:\/\/ayguldemir.com\/wp-content\/uploads\/2023\/12\/c\u0327olaog\u0306lu-iso-9001-3-1086x1536.jpg 1086w, https:\/\/ayguldemir.com\/wp-content\/uploads\/2023\/12\/c\u0327olaog\u0306lu-iso-9001-3-1448x2048.jpg 1448w, https:\/\/ayguldemir.com\/wp-content\/uploads\/2023\/12\/c\u0327olaog\u0306lu-iso-9001-3-scaled.jpg 1810w\" sizes=\"auto, (max-width: 724px) 100vw, 724px\" \/><\/figure>\n","protected":false},"excerpt":{"rendered":"","protected":false},"author":1,"featured_media":0,"parent":0,"menu_order":0,"comment_status":"closed","ping_status":"open","template":"","meta":{"footnotes":""},"class_list":["post-2","page","type-page","status-publish","hentry"],"yoast_head":"<!-- This site is optimized with the Yoast SEO plugin v25.0 - https:\/\/yoast.com\/wordpress\/plugins\/seo\/ -->\n<title>Kalite Belgeleri - Ayg\u00fcl Haz\u0131r Demir<\/title>\n<meta name=\"description\" content=\"Ayg\u00fcl Haz\u0131r Demir\u2019in TSE, ISO ve CE belgeleriyle sertifikal\u0131 \u00fcr\u00fcn g\u00fcvencesi. Kalite belgelerimizi bu sayfadan inceleyebilirsiniz.\" \/>\n<meta name=\"robots\" content=\"index, follow, max-snippet:-1, max-image-preview:large, max-video-preview:-1\" \/>\n<link rel=\"canonical\" href=\"https:\/\/ayguldemir.com\/?page_id=2\" \/>\n<meta property=\"og:locale\" content=\"en_GB\" \/>\n<meta property=\"og:type\" content=\"article\" \/>\n<meta property=\"og:title\" content=\"Kalite Belgeleri - Ayg\u00fcl Haz\u0131r Demir\" \/>\n<meta property=\"og:description\" content=\"Ayg\u00fcl Haz\u0131r Demir\u2019in TSE, ISO ve CE belgeleriyle sertifikal\u0131 \u00fcr\u00fcn g\u00fcvencesi. Kalite belgelerimizi bu sayfadan inceleyebilirsiniz.\" \/>\n<meta property=\"og:url\" content=\"https:\/\/ayguldemir.com\/?page_id=2\" \/>\n<meta property=\"og:site_name\" content=\"Ayg\u00fcl Haz\u0131r Demir\" \/>\n<meta property=\"article:modified_time\" content=\"2025-04-09T11:52:43+00:00\" \/>\n<meta property=\"og:image\" content=\"https:\/\/ayguldemir.com\/wp-content\/uploads\/2023\/12\/Colakoglu-InspectionCertificate-1-scaled.jpg\" \/>\n\t<meta property=\"og:image:width\" content=\"1753\" \/>\n\t<meta property=\"og:image:height\" content=\"2560\" \/>\n\t<meta property=\"og:image:type\" content=\"image\/jpeg\" \/>\n<meta name=\"twitter:card\" content=\"summary_large_image\" \/>\n<meta name=\"twitter:label1\" content=\"Estimated reading time\" \/>\n\t<meta name=\"twitter:data1\" content=\"1 minute\" \/>\n<script type=\"application\/ld+json\" class=\"yoast-schema-graph\">{\"@context\":\"https:\/\/schema.org\",\"@graph\":[{\"@type\":\"WebPage\",\"@id\":\"https:\/\/ayguldemir.com\/?page_id=2\",\"url\":\"https:\/\/ayguldemir.com\/?page_id=2\",\"name\":\"Kalite Belgeleri - Ayg\u00fcl Haz\u0131r Demir\",\"isPartOf\":{\"@id\":\"https:\/\/ayguldemir.com\/#website\"},\"primaryImageOfPage\":{\"@id\":\"https:\/\/ayguldemir.com\/?page_id=2#primaryimage\"},\"image\":{\"@id\":\"https:\/\/ayguldemir.com\/?page_id=2#primaryimage\"},\"thumbnailUrl\":\"https:\/\/ayguldemir.com\/wp-content\/uploads\/2023\/12\/Colakoglu-InspectionCertificate-1-701x1024.jpg\",\"datePublished\":\"2016-05-10T03:48:21+00:00\",\"dateModified\":\"2025-04-09T11:52:43+00:00\",\"description\":\"Ayg\u00fcl Haz\u0131r Demir\u2019in TSE, ISO ve CE belgeleriyle sertifikal\u0131 \u00fcr\u00fcn g\u00fcvencesi. Kalite belgelerimizi bu sayfadan inceleyebilirsiniz.\",\"breadcrumb\":{\"@id\":\"https:\/\/ayguldemir.com\/?page_id=2#breadcrumb\"},\"inLanguage\":\"en-GB\",\"potentialAction\":[{\"@type\":\"ReadAction\",\"target\":[\"https:\/\/ayguldemir.com\/?page_id=2\"]}]},{\"@type\":\"ImageObject\",\"inLanguage\":\"en-GB\",\"@id\":\"https:\/\/ayguldemir.com\/?page_id=2#primaryimage\",\"url\":\"https:\/\/ayguldemir.com\/wp-content\/uploads\/2023\/12\/Colakoglu-InspectionCertificate-1-scaled.jpg\",\"contentUrl\":\"https:\/\/ayguldemir.com\/wp-content\/uploads\/2023\/12\/Colakoglu-InspectionCertificate-1-scaled.jpg\",\"width\":1753,\"height\":2560},{\"@type\":\"BreadcrumbList\",\"@id\":\"https:\/\/ayguldemir.com\/?page_id=2#breadcrumb\",\"itemListElement\":[{\"@type\":\"ListItem\",\"position\":1,\"name\":\"Home\",\"item\":\"https:\/\/ayguldemir.com\/\"},{\"@type\":\"ListItem\",\"position\":2,\"name\":\"Kalite Belgeleri\"}]},{\"@type\":\"WebSite\",\"@id\":\"https:\/\/ayguldemir.com\/#website\",\"url\":\"https:\/\/ayguldemir.com\/\",\"name\":\"Ayg\u00fcl Haz\u0131r Demir\",\"description\":\"Haz\u0131r Demirde 45. Y\u0131l\",\"publisher\":{\"@id\":\"https:\/\/ayguldemir.com\/#organization\"},\"potentialAction\":[{\"@type\":\"SearchAction\",\"target\":{\"@type\":\"EntryPoint\",\"urlTemplate\":\"https:\/\/ayguldemir.com\/?s={search_term_string}\"},\"query-input\":{\"@type\":\"PropertyValueSpecification\",\"valueRequired\":true,\"valueName\":\"search_term_string\"}}],\"inLanguage\":\"en-GB\"},{\"@type\":\"Organization\",\"@id\":\"https:\/\/ayguldemir.com\/#organization\",\"name\":\"Ayg\u00fcl Haz\u0131r Demir\",\"url\":\"https:\/\/ayguldemir.com\/\",\"logo\":{\"@type\":\"ImageObject\",\"inLanguage\":\"en-GB\",\"@id\":\"https:\/\/ayguldemir.com\/#\/schema\/logo\/image\/\",\"url\":\"https:\/\/ayguldemir.com\/wp-content\/uploads\/2025\/04\/cropped-Screenshot-2025-04-09-at-11.17.28.png\",\"contentUrl\":\"https:\/\/ayguldemir.com\/wp-content\/uploads\/2025\/04\/cropped-Screenshot-2025-04-09-at-11.17.28.png\",\"width\":2631,\"height\":1470,\"caption\":\"Ayg\u00fcl Haz\u0131r Demir\"},\"image\":{\"@id\":\"https:\/\/ayguldemir.com\/#\/schema\/logo\/image\/\"}}]}<\/script>\n<!-- \/ Yoast SEO plugin. -->","yoast_head_json":{"title":"Kalite Belgeleri - Ayg\u00fcl Haz\u0131r Demir","description":"Ayg\u00fcl Haz\u0131r Demir\u2019in TSE, ISO ve CE belgeleriyle sertifikal\u0131 \u00fcr\u00fcn g\u00fcvencesi. Kalite belgelerimizi bu sayfadan inceleyebilirsiniz.","robots":{"index":"index","follow":"follow","max-snippet":"max-snippet:-1","max-image-preview":"max-image-preview:large","max-video-preview":"max-video-preview:-1"},"canonical":"https:\/\/ayguldemir.com\/?page_id=2","og_locale":"en_GB","og_type":"article","og_title":"Kalite Belgeleri - Ayg\u00fcl Haz\u0131r Demir","og_description":"Ayg\u00fcl Haz\u0131r Demir\u2019in TSE, ISO ve CE belgeleriyle sertifikal\u0131 \u00fcr\u00fcn g\u00fcvencesi. Kalite belgelerimizi bu sayfadan inceleyebilirsiniz.","og_url":"https:\/\/ayguldemir.com\/?page_id=2","og_site_name":"Ayg\u00fcl Haz\u0131r Demir","article_modified_time":"2025-04-09T11:52:43+00:00","og_image":[{"width":1753,"height":2560,"url":"https:\/\/ayguldemir.com\/wp-content\/uploads\/2023\/12\/Colakoglu-InspectionCertificate-1-scaled.jpg","type":"image\/jpeg"}],"twitter_card":"summary_large_image","twitter_misc":{"Estimated reading time":"1 minute"},"schema":{"@context":"https:\/\/schema.org","@graph":[{"@type":"WebPage","@id":"https:\/\/ayguldemir.com\/?page_id=2","url":"https:\/\/ayguldemir.com\/?page_id=2","name":"Kalite Belgeleri - Ayg\u00fcl Haz\u0131r Demir","isPartOf":{"@id":"https:\/\/ayguldemir.com\/#website"},"primaryImageOfPage":{"@id":"https:\/\/ayguldemir.com\/?page_id=2#primaryimage"},"image":{"@id":"https:\/\/ayguldemir.com\/?page_id=2#primaryimage"},"thumbnailUrl":"https:\/\/ayguldemir.com\/wp-content\/uploads\/2023\/12\/Colakoglu-InspectionCertificate-1-701x1024.jpg","datePublished":"2016-05-10T03:48:21+00:00","dateModified":"2025-04-09T11:52:43+00:00","description":"Ayg\u00fcl Haz\u0131r Demir\u2019in TSE, ISO ve CE belgeleriyle sertifikal\u0131 \u00fcr\u00fcn g\u00fcvencesi. Kalite belgelerimizi bu sayfadan inceleyebilirsiniz.","breadcrumb":{"@id":"https:\/\/ayguldemir.com\/?page_id=2#breadcrumb"},"inLanguage":"en-GB","potentialAction":[{"@type":"ReadAction","target":["https:\/\/ayguldemir.com\/?page_id=2"]}]},{"@type":"ImageObject","inLanguage":"en-GB","@id":"https:\/\/ayguldemir.com\/?page_id=2#primaryimage","url":"https:\/\/ayguldemir.com\/wp-content\/uploads\/2023\/12\/Colakoglu-InspectionCertificate-1-scaled.jpg","contentUrl":"https:\/\/ayguldemir.com\/wp-content\/uploads\/2023\/12\/Colakoglu-InspectionCertificate-1-scaled.jpg","width":1753,"height":2560},{"@type":"BreadcrumbList","@id":"https:\/\/ayguldemir.com\/?page_id=2#breadcrumb","itemListElement":[{"@type":"ListItem","position":1,"name":"Home","item":"https:\/\/ayguldemir.com\/"},{"@type":"ListItem","position":2,"name":"Kalite Belgeleri"}]},{"@type":"WebSite","@id":"https:\/\/ayguldemir.com\/#website","url":"https:\/\/ayguldemir.com\/","name":"Ayg\u00fcl Haz\u0131r Demir","description":"Haz\u0131r Demirde 45. Y\u0131l","publisher":{"@id":"https:\/\/ayguldemir.com\/#organization"},"potentialAction":[{"@type":"SearchAction","target":{"@type":"EntryPoint","urlTemplate":"https:\/\/ayguldemir.com\/?s={search_term_string}"},"query-input":{"@type":"PropertyValueSpecification","valueRequired":true,"valueName":"search_term_string"}}],"inLanguage":"en-GB"},{"@type":"Organization","@id":"https:\/\/ayguldemir.com\/#organization","name":"Ayg\u00fcl Haz\u0131r Demir","url":"https:\/\/ayguldemir.com\/","logo":{"@type":"ImageObject","inLanguage":"en-GB","@id":"https:\/\/ayguldemir.com\/#\/schema\/logo\/image\/","url":"https:\/\/ayguldemir.com\/wp-content\/uploads\/2025\/04\/cropped-Screenshot-2025-04-09-at-11.17.28.png","contentUrl":"https:\/\/ayguldemir.com\/wp-content\/uploads\/2025\/04\/cropped-Screenshot-2025-04-09-at-11.17.28.png","width":2631,"height":1470,"caption":"Ayg\u00fcl Haz\u0131r Demir"},"image":{"@id":"https:\/\/ayguldemir.com\/#\/schema\/logo\/image\/"}}]}},"_links":{"self":[{"href":"https:\/\/ayguldemir.com\/index.php?rest_route=\/wp\/v2\/pages\/2","targetHints":{"allow":["GET"]}}],"collection":[{"href":"https:\/\/ayguldemir.com\/index.php?rest_route=\/wp\/v2\/pages"}],"about":[{"href":"https:\/\/ayguldemir.com\/index.php?rest_route=\/wp\/v2\/types\/page"}],"author":[{"embeddable":true,"href":"https:\/\/ayguldemir.com\/index.php?rest_route=\/wp\/v2\/users\/1"}],"replies":[{"embeddable":true,"href":"https:\/\/ayguldemir.com\/index.php?rest_route=%2Fwp%2Fv2%2Fcomments&post=2"}],"version-history":[{"count":3,"href":"https:\/\/ayguldemir.com\/index.php?rest_route=\/wp\/v2\/pages\/2\/revisions"}],"predecessor-version":[{"id":62,"href":"https:\/\/ayguldemir.com\/index.php?rest_route=\/wp\/v2\/pages\/2\/revisions\/62"}],"wp:attachment":[{"href":"https:\/\/ayguldemir.com\/index.php?rest_route=%2Fwp%2Fv2%2Fmedia&parent=2"}],"curies":[{"name":"wp","href":"https:\/\/api.w.org\/{rel}","templated":true}]}}