{"id":6,"date":"2023-12-02T16:09:39","date_gmt":"2023-12-02T16:09:39","guid":{"rendered":"http:\/\/ayguldemir.com\/?page_id=6"},"modified":"2025-05-05T22:21:41","modified_gmt":"2025-05-05T19:21:41","slug":"aygul-hazir-demir-pendikte-hazir-demir-celik-hasir-etriye-ve-kolon-demiri-kesim-bukum-hizmeti-sunar-santiyeye-dogrudan-teslimat","status":"publish","type":"page","link":"https:\/\/ayguldemir.com\/","title":{"rendered":"Home"},"content":{"rendered":"\n<iframe\n  src=\"https:\/\/www.google.com\/maps\/embed?pb=!1m18!1m12!1m3!1d3016.633090737986!2d29.256191276753373!3d40.87992557136879!2m3!1f0!2f0!3f0!3m2!1i1024!2i768!4f13.1!3m3!1m2!1s0x14cadb61d7cd3237%3A0x9e23d5382781aa34!2sAyg%C3%BCl%20Haz%C4%B1r%20Demir!5e0!3m2!1sen!2str!4v1744136825597!5m2!1sen!2str\"\n  width=\"100%\" \n  height=\"300\" \n  style=\"border:0;\" \n  allowfullscreen=\"\" \n  loading=\"lazy\">\n<\/iframe>\n\n\n\n<p><\/p>\n","protected":false},"excerpt":{"rendered":"","protected":false},"author":1,"featured_media":0,"parent":0,"menu_order":0,"comment_status":"closed","ping_status":"closed","template":"templates\/template-homepage.php","meta":{"footnotes":""},"class_list":["post-6","page","type-page","status-publish","hentry"],"yoast_head":"<!-- This site is optimized with the Yoast SEO plugin v25.0 - https:\/\/yoast.com\/wordpress\/plugins\/seo\/ -->\n<title>Ayg\u00fcl Haz\u0131r Demir | Pendik Haz\u0131r Demir &amp; Etriye Kesimi<\/title>\n<meta name=\"robots\" content=\"index, follow, max-snippet:-1, max-image-preview:large, max-video-preview:-1\" \/>\n<link rel=\"canonical\" href=\"https:\/\/ayguldemir.com\/\" \/>\n<meta property=\"og:locale\" content=\"en_GB\" \/>\n<meta property=\"og:type\" content=\"article\" \/>\n<meta property=\"og:title\" content=\"Ayg\u00fcl Haz\u0131r Demir | Pendik Haz\u0131r Demir &amp; Etriye Kesimi\" \/>\n<meta property=\"og:url\" content=\"https:\/\/ayguldemir.com\/\" \/>\n<meta property=\"og:site_name\" content=\"Ayg\u00fcl Haz\u0131r Demir\" \/>\n<meta property=\"article:modified_time\" content=\"2025-05-05T19:21:41+00:00\" \/>\n<meta property=\"og:image\" content=\"https:\/\/ayguldemir.com\/wp-content\/uploads\/2025\/04\/Screenshot-2025-04-09-at-11.17.28-1024x572.png\" \/>\n\t<meta property=\"og:image:width\" content=\"1024\" \/>\n\t<meta property=\"og:image:height\" content=\"572\" \/>\n\t<meta property=\"og:image:type\" content=\"image\/png\" \/>\n<meta name=\"twitter:card\" content=\"summary_large_image\" \/>\n<script type=\"application\/ld+json\" class=\"yoast-schema-graph\">{\"@context\":\"https:\/\/schema.org\",\"@graph\":[{\"@type\":\"WebPage\",\"@id\":\"https:\/\/ayguldemir.com\/\",\"url\":\"https:\/\/ayguldemir.com\/\",\"name\":\"Ayg\u00fcl Haz\u0131r Demir | Pendik Haz\u0131r Demir & Etriye Kesimi\",\"isPartOf\":{\"@id\":\"https:\/\/ayguldemir.com\/#website\"},\"datePublished\":\"2023-12-02T16:09:39+00:00\",\"dateModified\":\"2025-05-05T19:21:41+00:00\",\"breadcrumb\":{\"@id\":\"https:\/\/ayguldemir.com\/#breadcrumb\"},\"inLanguage\":\"en-GB\",\"potentialAction\":[{\"@type\":\"ReadAction\",\"target\":[\"https:\/\/ayguldemir.com\/\"]}]},{\"@type\":\"BreadcrumbList\",\"@id\":\"https:\/\/ayguldemir.com\/#breadcrumb\",\"itemListElement\":[{\"@type\":\"ListItem\",\"position\":1,\"name\":\"Home\",\"item\":\"https:\/\/ayguldemir.com\/\"},{\"@type\":\"ListItem\",\"position\":2,\"name\":\"Home\"}]},{\"@type\":\"WebSite\",\"@id\":\"https:\/\/ayguldemir.com\/#website\",\"url\":\"https:\/\/ayguldemir.com\/\",\"name\":\"Ayg\u00fcl Haz\u0131r Demir\",\"description\":\"Haz\u0131r Demirde 45. Y\u0131l\",\"publisher\":{\"@id\":\"https:\/\/ayguldemir.com\/#organization\"},\"potentialAction\":[{\"@type\":\"SearchAction\",\"target\":{\"@type\":\"EntryPoint\",\"urlTemplate\":\"https:\/\/ayguldemir.com\/?s={search_term_string}\"},\"query-input\":{\"@type\":\"PropertyValueSpecification\",\"valueRequired\":true,\"valueName\":\"search_term_string\"}}],\"inLanguage\":\"en-GB\"},{\"@type\":\"Organization\",\"@id\":\"https:\/\/ayguldemir.com\/#organization\",\"name\":\"Ayg\u00fcl Haz\u0131r Demir\",\"url\":\"https:\/\/ayguldemir.com\/\",\"logo\":{\"@type\":\"ImageObject\",\"inLanguage\":\"en-GB\",\"@id\":\"https:\/\/ayguldemir.com\/#\/schema\/logo\/image\/\",\"url\":\"https:\/\/ayguldemir.com\/wp-content\/uploads\/2025\/04\/cropped-Screenshot-2025-04-09-at-11.17.28.png\",\"contentUrl\":\"https:\/\/ayguldemir.com\/wp-content\/uploads\/2025\/04\/cropped-Screenshot-2025-04-09-at-11.17.28.png\",\"width\":2631,\"height\":1470,\"caption\":\"Ayg\u00fcl Haz\u0131r Demir\"},\"image\":{\"@id\":\"https:\/\/ayguldemir.com\/#\/schema\/logo\/image\/\"}}]}<\/script>\n<!-- \/ Yoast SEO plugin. -->","yoast_head_json":{"title":"Ayg\u00fcl Haz\u0131r Demir | Pendik Haz\u0131r Demir & Etriye Kesimi","robots":{"index":"index","follow":"follow","max-snippet":"max-snippet:-1","max-image-preview":"max-image-preview:large","max-video-preview":"max-video-preview:-1"},"canonical":"https:\/\/ayguldemir.com\/","og_locale":"en_GB","og_type":"article","og_title":"Ayg\u00fcl Haz\u0131r Demir | Pendik Haz\u0131r Demir & Etriye Kesimi","og_url":"https:\/\/ayguldemir.com\/","og_site_name":"Ayg\u00fcl Haz\u0131r Demir","article_modified_time":"2025-05-05T19:21:41+00:00","og_image":[{"width":1024,"height":572,"url":"https:\/\/ayguldemir.com\/wp-content\/uploads\/2025\/04\/Screenshot-2025-04-09-at-11.17.28-1024x572.png","type":"image\/png"}],"twitter_card":"summary_large_image","schema":{"@context":"https:\/\/schema.org","@graph":[{"@type":"WebPage","@id":"https:\/\/ayguldemir.com\/","url":"https:\/\/ayguldemir.com\/","name":"Ayg\u00fcl Haz\u0131r Demir | Pendik Haz\u0131r Demir & Etriye Kesimi","isPartOf":{"@id":"https:\/\/ayguldemir.com\/#website"},"datePublished":"2023-12-02T16:09:39+00:00","dateModified":"2025-05-05T19:21:41+00:00","breadcrumb":{"@id":"https:\/\/ayguldemir.com\/#breadcrumb"},"inLanguage":"en-GB","potentialAction":[{"@type":"ReadAction","target":["https:\/\/ayguldemir.com\/"]}]},{"@type":"BreadcrumbList","@id":"https:\/\/ayguldemir.com\/#breadcrumb","itemListElement":[{"@type":"ListItem","position":1,"name":"Home","item":"https:\/\/ayguldemir.com\/"},{"@type":"ListItem","position":2,"name":"Home"}]},{"@type":"WebSite","@id":"https:\/\/ayguldemir.com\/#website","url":"https:\/\/ayguldemir.com\/","name":"Ayg\u00fcl Haz\u0131r Demir","description":"Haz\u0131r Demirde 45. Y\u0131l","publisher":{"@id":"https:\/\/ayguldemir.com\/#organization"},"potentialAction":[{"@type":"SearchAction","target":{"@type":"EntryPoint","urlTemplate":"https:\/\/ayguldemir.com\/?s={search_term_string}"},"query-input":{"@type":"PropertyValueSpecification","valueRequired":true,"valueName":"search_term_string"}}],"inLanguage":"en-GB"},{"@type":"Organization","@id":"https:\/\/ayguldemir.com\/#organization","name":"Ayg\u00fcl Haz\u0131r Demir","url":"https:\/\/ayguldemir.com\/","logo":{"@type":"ImageObject","inLanguage":"en-GB","@id":"https:\/\/ayguldemir.com\/#\/schema\/logo\/image\/","url":"https:\/\/ayguldemir.com\/wp-content\/uploads\/2025\/04\/cropped-Screenshot-2025-04-09-at-11.17.28.png","contentUrl":"https:\/\/ayguldemir.com\/wp-content\/uploads\/2025\/04\/cropped-Screenshot-2025-04-09-at-11.17.28.png","width":2631,"height":1470,"caption":"Ayg\u00fcl Haz\u0131r Demir"},"image":{"@id":"https:\/\/ayguldemir.com\/#\/schema\/logo\/image\/"}}]}},"_links":{"self":[{"href":"https:\/\/ayguldemir.com\/index.php?rest_route=\/wp\/v2\/pages\/6","targetHints":{"allow":["GET"]}}],"collection":[{"href":"https:\/\/ayguldemir.com\/index.php?rest_route=\/wp\/v2\/pages"}],"about":[{"href":"https:\/\/ayguldemir.com\/index.php?rest_route=\/wp\/v2\/types\/page"}],"author":[{"embeddable":true,"href":"https:\/\/ayguldemir.com\/index.php?rest_route=\/wp\/v2\/users\/1"}],"replies":[{"embeddable":true,"href":"https:\/\/ayguldemir.com\/index.php?rest_route=%2Fwp%2Fv2%2Fcomments&post=6"}],"version-history":[{"count":5,"href":"https:\/\/ayguldemir.com\/index.php?rest_route=\/wp\/v2\/pages\/6\/revisions"}],"predecessor-version":[{"id":101,"href":"https:\/\/ayguldemir.com\/index.php?rest_route=\/wp\/v2\/pages\/6\/revisions\/101"}],"wp:attachment":[{"href":"https:\/\/ayguldemir.com\/index.php?rest_route=%2Fwp%2Fv2%2Fmedia&parent=6"}],"curies":[{"name":"wp","href":"https:\/\/api.w.org\/{rel}","templated":true}]}}